{"id":284,"date":"2022-10-31T12:15:13","date_gmt":"2022-10-31T12:15:13","guid":{"rendered":"http:\/\/www.reusdisseny.com\/contacte\/"},"modified":"2022-11-24T16:40:58","modified_gmt":"2022-11-24T16:40:58","slug":"contacte","status":"publish","type":"page","link":"https:\/\/www.reusdisseny.com\/ca\/contacte\/","title":{"rendered":"Contacte"},"content":{"rendered":"<p><div class=\"fusion-fullwidth fullwidth-box fusion-builder-row-1 fusion-flex-container has-pattern-background has-mask-background fusion-parallax-none nonhundred-percent-fullwidth non-hundred-percent-height-scrolling fusion-custom-z-index\" style=\"--awb-border-radius-top-left:0px;--awb-border-radius-top-right:0px;--awb-border-radius-bottom-right:0px;--awb-border-radius-bottom-left:0px;--awb-z-index:0000;--awb-padding-top:15vh;--awb-padding-bottom:50vh;--awb-background-image:url(&quot;https:\/\/www.reusdisseny.com\/wp-content\/uploads\/2022\/11\/hero_proyects-desk.webp&quot;);--awb-background-size:cover;--awb-flex-wrap:wrap;\" ><div class=\"fusion-builder-row fusion-row fusion-flex-align-items-center fusion-flex-justify-content-center fusion-flex-content-wrap\" style=\"max-width:1248px;margin-left: calc(-4% \/ 2 );margin-right: calc(-4% \/ 2 );\"><div class=\"fusion-layout-column fusion_builder_column fusion-builder-column-0 fusion_builder_column_1_1 1_1 fusion-flex-column\" style=\"--awb-bg-size:cover;--awb-width-large:100%;--awb-margin-top-large:0px;--awb-spacing-right-large:1.92%;--awb-margin-bottom-large:20px;--awb-spacing-left-large:1.92%;--awb-width-medium:100%;--awb-order-medium:0;--awb-spacing-right-medium:1.92%;--awb-spacing-left-medium:1.92%;--awb-width-small:62%;--awb-order-small:0;--awb-spacing-right-small:3.0967741935484%;--awb-spacing-left-small:3.0967741935484%;\"><div class=\"fusion-column-wrapper fusion-column-has-shadow fusion-flex-justify-content-flex-start fusion-content-layout-column\"><div class=\"fusion-title title fusion-title-1 fusion-sep-none fusion-title-center fusion-title-text fusion-title-size-one\" style=\"--awb-text-color:var(--awb-color5);\"><h1 class=\"fusion-title-heading title-heading-center fusion-responsive-typography-calculated\" style=\"margin:0;--fontSize:64;line-height:var(--awb-typography1-line-height);\">Contacte<\/h1><\/div><\/div><\/div><\/div><\/div><div class=\"fusion-fullwidth fullwidth-box fusion-builder-row-2 fusion-flex-container has-pattern-background has-mask-background nonhundred-percent-fullwidth non-hundred-percent-height-scrolling\" style=\"--awb-border-radius-top-left:0px;--awb-border-radius-top-right:0px;--awb-border-radius-bottom-right:0px;--awb-border-radius-bottom-left:0px;--awb-padding-top:12vh;--awb-padding-bottom:12vh;--awb-margin-bottom:-60px;--awb-background-color:var(--awb-color7);--awb-flex-wrap:wrap;\" ><div class=\"fusion-builder-row fusion-row fusion-flex-align-items-flex-start fusion-flex-content-wrap\" style=\"max-width:1248px;margin-left: calc(-4% \/ 2 );margin-right: calc(-4% \/ 2 );\"><div class=\"fusion-layout-column fusion_builder_column fusion-builder-column-1 fusion_builder_column_2_5 2_5 fusion-flex-column\" style=\"--awb-bg-size:cover;--awb-width-large:40%;--awb-margin-top-large:0px;--awb-spacing-right-large:4.8%;--awb-margin-bottom-large:20px;--awb-spacing-left-large:4.8%;--awb-width-medium:40%;--awb-order-medium:0;--awb-spacing-right-medium:4.8%;--awb-spacing-left-medium:4.8%;--awb-width-small:100%;--awb-order-small:0;--awb-spacing-right-small:1.92%;--awb-spacing-left-small:1.92%;\"><div class=\"fusion-column-wrapper fusion-column-has-shadow fusion-flex-justify-content-flex-start fusion-content-layout-column\"><div class=\"fusion-text fusion-text-1 fusion-text-no-margin\" style=\"--awb-font-size:98px;--awb-text-color:rgba(255,255,255,0.05);--awb-margin-bottom:-95px;--awb-text-font-family:&quot;Source Serif Pro&quot;;--awb-text-font-style:italic;--awb-text-font-weight:400;\"><p>Contacte<\/p>\n<\/div><div class=\"fusion-title title fusion-title-2 fusion-sep-none fusion-title-text fusion-title-size-two\" style=\"--awb-text-color:var(--awb-color8);--awb-font-size:55px;\"><h2 class=\"fusion-title-heading title-heading-left fusion-responsive-typography-calculated\" style=\"margin:0;font-size:1em;letter-spacing:1px;--fontSize:55;--minFontSize:55;line-height:var(--awb-typography1-line-height);\">Contacte<\/h2><\/div><div class=\"fusion-text fusion-text-2\" style=\"--awb-font-size:16px;\"><p>Basats en una \u00e0mplia experi\u00e8ncia en el sector hoteler, institucional i particular, fem treballs a mesura i d&#8217;alta qualitat mitjan\u00e7ant una experimentada plantilla de mestres ebenistes i fusters.<\/p>\n<\/div><\/div><\/div><div class=\"fusion-layout-column fusion_builder_column fusion-builder-column-2 fusion_builder_column_3_5 3_5 fusion-flex-column\" style=\"--awb-bg-size:cover;--awb-width-large:60%;--awb-margin-top-large:0px;--awb-spacing-right-large:3.2%;--awb-margin-bottom-large:20px;--awb-spacing-left-large:3.2%;--awb-width-medium:60%;--awb-order-medium:0;--awb-spacing-right-medium:3.2%;--awb-spacing-left-medium:3.2%;--awb-width-small:100%;--awb-order-small:0;--awb-spacing-right-small:1.92%;--awb-spacing-left-small:1.92%;\"><div class=\"fusion-column-wrapper fusion-column-has-shadow fusion-flex-justify-content-flex-start fusion-content-layout-column\">\n<div class=\"wpcf7 no-js\" id=\"wpcf7-f348-o1\" lang=\"ca\" dir=\"ltr\">\n<div class=\"screen-reader-response\"><p role=\"status\" aria-live=\"polite\" aria-atomic=\"true\"><\/p> <ul><\/ul><\/div>\n<form action=\"\/ca\/wp-json\/wp\/v2\/pages\/284#wpcf7-f348-o1\" method=\"post\" class=\"wpcf7-form init\" aria-label=\"Formulari de contacte\" novalidate=\"novalidate\" data-status=\"init\">\n<div style=\"display: none;\">\n<input type=\"hidden\" name=\"_wpcf7\" value=\"348\" \/>\n<input type=\"hidden\" name=\"_wpcf7_version\" value=\"5.8.4\" \/>\n<input type=\"hidden\" name=\"_wpcf7_locale\" value=\"ca\" \/>\n<input type=\"hidden\" name=\"_wpcf7_unit_tag\" value=\"wpcf7-f348-o1\" \/>\n<input type=\"hidden\" name=\"_wpcf7_container_post\" value=\"0\" \/>\n<input type=\"hidden\" name=\"_wpcf7_posted_data_hash\" value=\"\" \/>\n<input type=\"hidden\" name=\"_wpcf7_recaptcha_response\" value=\"\" \/>\n<\/div>\n<div class=\"row\">\n\t<div class=\"col-md-12\" style=\"margin-bottom:20px;\">\n\t\t<p><label><span class=\"wpcf7-form-control-wrap\" data-name=\"your-name\"><input size=\"40\" class=\"wpcf7-form-control wpcf7-text wpcf7-validates-as-required\" aria-required=\"true\" aria-invalid=\"false\" placeholder=\"Nom y Cognoms\" value=\"\" type=\"text\" name=\"your-name\" \/><\/span> <\/label>\n\t\t<\/p>\n\t<\/div>\n<\/div>\n<div class=\"row\">\n\t<div class=\"col-md-6\" style=\"margin-bottom:20px;\">\n\t\t<p><label><span class=\"wpcf7-form-control-wrap\" data-name=\"your-email\"><input size=\"40\" class=\"wpcf7-form-control wpcf7-email wpcf7-validates-as-required wpcf7-text wpcf7-validates-as-email\" aria-required=\"true\" aria-invalid=\"false\" placeholder=\"Correo electr\u00f2nic\" value=\"\" type=\"email\" name=\"your-email\" \/><\/span><\/label>\n\t\t<\/p>\n\t<\/div>\n\t<div class=\"col-md-6\" style=\"margin-bottom:20px;\">\n\t\t<p><label><span class=\"wpcf7-form-control-wrap\" data-name=\"phone\"><input size=\"40\" class=\"wpcf7-form-control wpcf7-tel wpcf7-validates-as-required wpcf7-text wpcf7-validates-as-tel\" aria-required=\"true\" aria-invalid=\"false\" placeholder=\"666666666\" value=\"\" type=\"tel\" name=\"phone\" \/><\/span><\/label>\n\t\t<\/p>\n\t<\/div>\n<\/div>\n<div class=\"row\">\n\t<div class=\"col-md-12\" style=\"margin-bottom:20px;\">\n\t\t<p><label><span class=\"wpcf7-form-control-wrap\" data-name=\"your-message\"><textarea cols=\"40\" rows=\"10\" class=\"wpcf7-form-control wpcf7-textarea wpcf7-validates-as-required\" aria-required=\"true\" aria-invalid=\"false\" placeholder=\"Missatge\" name=\"your-message\"><\/textarea><\/span><\/label>\n\t\t<\/p>\n\t\t<p style=\"margin-top:10px;\"><span class=\"wpcf7-form-control-wrap\" data-name=\"Privacidad\"><span class=\"wpcf7-form-control wpcf7-acceptance\"><span class=\"wpcf7-list-item\"><label><input type=\"checkbox\" name=\"Privacidad\" value=\"1\" id=\"privacidad\" aria-invalid=\"false\" \/><span class=\"wpcf7-list-item-label\">He llegit i accepto la <a class=\"a-form\" href=\"\/ca\/politica-de-privacitat\/\">pol\u00edtica de privadesa<\/a> .<\/span><\/label><\/span><\/span><\/span>\n\t\t<\/p>\n\t\t<p style=\"text-align:right;\"><input class=\"wpcf7-form-control wpcf7-submit has-spinner\" type=\"submit\" value=\"ENVIAR\" \/>\n\t\t<\/p>\n\t<\/div>\n<\/div><div class=\"fusion-alert alert custom alert-custom fusion-alert-center wpcf7-response-output awb-alert-native-link-color alert-dismissable awb-alert-close-boxed\" style=\"--awb-border-size:1px;--awb-border-top-left-radius:0px;--awb-border-top-right-radius:0px;--awb-border-bottom-left-radius:0px;--awb-border-bottom-right-radius:0px;\" role=\"alert\"><div class=\"fusion-alert-content-wrapper\"><span class=\"fusion-alert-content\"><\/span><\/div><button type=\"button\" class=\"close toggle-alert\" data-dismiss=\"alert\" aria-label=\"Close\">&times;<\/button><\/div>\n<\/form>\n<\/div>\n<\/div><\/div><\/div><\/div><\/p>\n","protected":false},"excerpt":{"rendered":"","protected":false},"author":1,"featured_media":0,"parent":0,"menu_order":0,"comment_status":"closed","ping_status":"closed","template":"100-width.php","meta":{"footnotes":""},"class_list":["post-284","page","type-page","status-publish","hentry"],"yoast_head":"<!-- This site is optimized with the Yoast SEO plugin v21.7 - https:\/\/yoast.com\/wordpress\/plugins\/seo\/ -->\n<title>Contacte - REUS DISSENY<\/title>\n<meta name=\"description\" content=\"Fusteria industrial amb \u00e0mplia experi\u00e8ncia al sector hoteler, institucional i particular. Plantilla d&#039;ebenistes i fusters.\" \/>\n<meta name=\"robots\" content=\"index, follow, max-snippet:-1, max-image-preview:large, max-video-preview:-1\" \/>\n<link rel=\"canonical\" href=\"https:\/\/www.reusdisseny.com\/ca\/contacte\/\" \/>\n<meta property=\"og:locale\" content=\"ca_ES\" \/>\n<meta property=\"og:type\" content=\"article\" \/>\n<meta property=\"og:title\" content=\"Contacte - REUS DISSENY\" \/>\n<meta property=\"og:description\" content=\"Fusteria industrial amb \u00e0mplia experi\u00e8ncia al sector hoteler, institucional i particular. Plantilla d&#039;ebenistes i fusters.\" \/>\n<meta property=\"og:url\" content=\"https:\/\/www.reusdisseny.com\/ca\/contacte\/\" \/>\n<meta property=\"og:site_name\" content=\"REUS DISSENY\" \/>\n<meta property=\"article:modified_time\" content=\"2022-11-24T16:40:58+00:00\" \/>\n<meta name=\"twitter:card\" content=\"summary_large_image\" \/>\n<meta name=\"twitter:label1\" content=\"Temps estimat de lectura\" \/>\n\t<meta name=\"twitter:data1\" content=\"7 minuts\" \/>\n<script type=\"application\/ld+json\" class=\"yoast-schema-graph\">{\"@context\":\"https:\/\/schema.org\",\"@graph\":[{\"@type\":\"WebPage\",\"@id\":\"https:\/\/www.reusdisseny.com\/ca\/contacte\/\",\"url\":\"https:\/\/www.reusdisseny.com\/ca\/contacte\/\",\"name\":\"Contacte - REUS DISSENY\",\"isPartOf\":{\"@id\":\"https:\/\/www.reusdisseny.com\/ca\/#website\"},\"datePublished\":\"2022-10-31T12:15:13+00:00\",\"dateModified\":\"2022-11-24T16:40:58+00:00\",\"description\":\"Fusteria industrial amb \u00e0mplia experi\u00e8ncia al sector hoteler, institucional i particular. Plantilla d'ebenistes i fusters.\",\"breadcrumb\":{\"@id\":\"https:\/\/www.reusdisseny.com\/ca\/contacte\/#breadcrumb\"},\"inLanguage\":\"ca\",\"potentialAction\":[{\"@type\":\"ReadAction\",\"target\":[\"https:\/\/www.reusdisseny.com\/ca\/contacte\/\"]}]},{\"@type\":\"BreadcrumbList\",\"@id\":\"https:\/\/www.reusdisseny.com\/ca\/contacte\/#breadcrumb\",\"itemListElement\":[{\"@type\":\"ListItem\",\"position\":1,\"name\":\"Portada\",\"item\":\"https:\/\/www.reusdisseny.com\/ca\/inici\/\"},{\"@type\":\"ListItem\",\"position\":2,\"name\":\"Contacte\"}]},{\"@type\":\"WebSite\",\"@id\":\"https:\/\/www.reusdisseny.com\/ca\/#website\",\"url\":\"https:\/\/www.reusdisseny.com\/ca\/\",\"name\":\"REUS DISSENY\",\"description\":\"Pasi\u00f3n por la madera\",\"publisher\":{\"@id\":\"https:\/\/www.reusdisseny.com\/ca\/#organization\"},\"potentialAction\":[{\"@type\":\"SearchAction\",\"target\":{\"@type\":\"EntryPoint\",\"urlTemplate\":\"https:\/\/www.reusdisseny.com\/ca\/?s={search_term_string}\"},\"query-input\":\"required name=search_term_string\"}],\"inLanguage\":\"ca\"},{\"@type\":\"Organization\",\"@id\":\"https:\/\/www.reusdisseny.com\/ca\/#organization\",\"name\":\"REUS DISSENY\",\"url\":\"https:\/\/www.reusdisseny.com\/ca\/\",\"logo\":{\"@type\":\"ImageObject\",\"inLanguage\":\"ca\",\"@id\":\"https:\/\/www.reusdisseny.com\/ca\/#\/schema\/logo\/image\/\",\"url\":\"https:\/\/www.reusdisseny.com\/wp-content\/uploads\/2022\/10\/logo-reus-disseny.svg\",\"contentUrl\":\"https:\/\/www.reusdisseny.com\/wp-content\/uploads\/2022\/10\/logo-reus-disseny.svg\",\"width\":163,\"height\":163,\"caption\":\"REUS DISSENY\"},\"image\":{\"@id\":\"https:\/\/www.reusdisseny.com\/ca\/#\/schema\/logo\/image\/\"},\"sameAs\":[\"https:\/\/www.instagram.com\/reusdisseny\/\",\"https:\/\/www.linkedin.com\/company\/reus-disseny-i-decoraci-sl\/\"]}]}<\/script>\n<!-- \/ Yoast SEO plugin. -->","yoast_head_json":{"title":"Contacte - REUS DISSENY","description":"Fusteria industrial amb \u00e0mplia experi\u00e8ncia al sector hoteler, institucional i particular. Plantilla d'ebenistes i fusters.","robots":{"index":"index","follow":"follow","max-snippet":"max-snippet:-1","max-image-preview":"max-image-preview:large","max-video-preview":"max-video-preview:-1"},"canonical":"https:\/\/www.reusdisseny.com\/ca\/contacte\/","og_locale":"ca_ES","og_type":"article","og_title":"Contacte - REUS DISSENY","og_description":"Fusteria industrial amb \u00e0mplia experi\u00e8ncia al sector hoteler, institucional i particular. Plantilla d'ebenistes i fusters.","og_url":"https:\/\/www.reusdisseny.com\/ca\/contacte\/","og_site_name":"REUS DISSENY","article_modified_time":"2022-11-24T16:40:58+00:00","twitter_card":"summary_large_image","twitter_misc":{"Temps estimat de lectura":"7 minuts"},"schema":{"@context":"https:\/\/schema.org","@graph":[{"@type":"WebPage","@id":"https:\/\/www.reusdisseny.com\/ca\/contacte\/","url":"https:\/\/www.reusdisseny.com\/ca\/contacte\/","name":"Contacte - REUS DISSENY","isPartOf":{"@id":"https:\/\/www.reusdisseny.com\/ca\/#website"},"datePublished":"2022-10-31T12:15:13+00:00","dateModified":"2022-11-24T16:40:58+00:00","description":"Fusteria industrial amb \u00e0mplia experi\u00e8ncia al sector hoteler, institucional i particular. Plantilla d'ebenistes i fusters.","breadcrumb":{"@id":"https:\/\/www.reusdisseny.com\/ca\/contacte\/#breadcrumb"},"inLanguage":"ca","potentialAction":[{"@type":"ReadAction","target":["https:\/\/www.reusdisseny.com\/ca\/contacte\/"]}]},{"@type":"BreadcrumbList","@id":"https:\/\/www.reusdisseny.com\/ca\/contacte\/#breadcrumb","itemListElement":[{"@type":"ListItem","position":1,"name":"Portada","item":"https:\/\/www.reusdisseny.com\/ca\/inici\/"},{"@type":"ListItem","position":2,"name":"Contacte"}]},{"@type":"WebSite","@id":"https:\/\/www.reusdisseny.com\/ca\/#website","url":"https:\/\/www.reusdisseny.com\/ca\/","name":"REUS DISSENY","description":"Pasi\u00f3n por la madera","publisher":{"@id":"https:\/\/www.reusdisseny.com\/ca\/#organization"},"potentialAction":[{"@type":"SearchAction","target":{"@type":"EntryPoint","urlTemplate":"https:\/\/www.reusdisseny.com\/ca\/?s={search_term_string}"},"query-input":"required name=search_term_string"}],"inLanguage":"ca"},{"@type":"Organization","@id":"https:\/\/www.reusdisseny.com\/ca\/#organization","name":"REUS DISSENY","url":"https:\/\/www.reusdisseny.com\/ca\/","logo":{"@type":"ImageObject","inLanguage":"ca","@id":"https:\/\/www.reusdisseny.com\/ca\/#\/schema\/logo\/image\/","url":"https:\/\/www.reusdisseny.com\/wp-content\/uploads\/2022\/10\/logo-reus-disseny.svg","contentUrl":"https:\/\/www.reusdisseny.com\/wp-content\/uploads\/2022\/10\/logo-reus-disseny.svg","width":163,"height":163,"caption":"REUS DISSENY"},"image":{"@id":"https:\/\/www.reusdisseny.com\/ca\/#\/schema\/logo\/image\/"},"sameAs":["https:\/\/www.instagram.com\/reusdisseny\/","https:\/\/www.linkedin.com\/company\/reus-disseny-i-decoraci-sl\/"]}]}},"_links":{"self":[{"href":"https:\/\/www.reusdisseny.com\/ca\/wp-json\/wp\/v2\/pages\/284","targetHints":{"allow":["GET"]}}],"collection":[{"href":"https:\/\/www.reusdisseny.com\/ca\/wp-json\/wp\/v2\/pages"}],"about":[{"href":"https:\/\/www.reusdisseny.com\/ca\/wp-json\/wp\/v2\/types\/page"}],"author":[{"embeddable":true,"href":"https:\/\/www.reusdisseny.com\/ca\/wp-json\/wp\/v2\/users\/1"}],"replies":[{"embeddable":true,"href":"https:\/\/www.reusdisseny.com\/ca\/wp-json\/wp\/v2\/comments?post=284"}],"version-history":[{"count":4,"href":"https:\/\/www.reusdisseny.com\/ca\/wp-json\/wp\/v2\/pages\/284\/revisions"}],"predecessor-version":[{"id":377,"href":"https:\/\/www.reusdisseny.com\/ca\/wp-json\/wp\/v2\/pages\/284\/revisions\/377"}],"wp:attachment":[{"href":"https:\/\/www.reusdisseny.com\/ca\/wp-json\/wp\/v2\/media?parent=284"}],"curies":[{"name":"wp","href":"https:\/\/api.w.org\/{rel}","templated":true}]}}