{"id":287,"date":"2022-11-10T08:53:02","date_gmt":"2022-11-10T08:53:02","guid":{"rendered":"http:\/\/www.reusdisseny.com\/politica-de-cookies\/"},"modified":"2022-11-22T12:18:32","modified_gmt":"2022-11-22T12:18:32","slug":"politica-de-cookies","status":"publish","type":"page","link":"https:\/\/www.reusdisseny.com\/ca\/politica-de-cookies\/","title":{"rendered":"Pol\u00edtica de cookies"},"content":{"rendered":"<div class=\"fusion-fullwidth fullwidth-box fusion-builder-row-1 fusion-flex-container has-pattern-background has-mask-background nonhundred-percent-fullwidth non-hundred-percent-height-scrolling fusion-custom-z-index\" style=\"--awb-border-radius-top-left:0px;--awb-border-radius-top-right:0px;--awb-border-radius-bottom-right:0px;--awb-border-radius-bottom-left:0px;--awb-z-index:0000;--awb-padding-top:8vh;--awb-padding-bottom:8vh;--awb-margin-top:-50px;--awb-margin-bottom:-60px;--awb-background-color:var(--awb-color5);--awb-flex-wrap:wrap;\" ><div class=\"fusion-builder-row fusion-row fusion-flex-align-items-flex-start fusion-flex-content-wrap\" style=\"max-width:1248px;margin-left: calc(-4% \/ 2 );margin-right: calc(-4% \/ 2 );\"><div class=\"fusion-layout-column fusion_builder_column fusion-builder-column-0 fusion_builder_column_1_1 1_1 fusion-flex-column\" style=\"--awb-bg-size:cover;--awb-width-large:100%;--awb-margin-top-large:0px;--awb-spacing-right-large:1.92%;--awb-margin-bottom-large:20px;--awb-spacing-left-large:1.92%;--awb-width-medium:100%;--awb-order-medium:0;--awb-spacing-right-medium:1.92%;--awb-spacing-left-medium:1.92%;--awb-width-small:100%;--awb-order-small:0;--awb-spacing-right-small:1.92%;--awb-spacing-left-small:1.92%;\"><div class=\"fusion-column-wrapper fusion-column-has-shadow fusion-flex-justify-content-flex-start fusion-content-layout-column\"><div class=\"fusion-title title fusion-title-1 fusion-sep-none fusion-title-text fusion-title-size-one\" style=\"--awb-text-color:var(--awb-color8);\"><h1 class=\"fusion-title-heading title-heading-left fusion-responsive-typography-calculated\" style=\"margin:0;--fontSize:64;line-height:var(--awb-typography1-line-height);\">Pol\u00edtica de cookies<\/h1><\/div><\/div><\/div><div class=\"fusion-layout-column fusion_builder_column fusion-builder-column-1 fusion_builder_column_1_1 1_1 fusion-flex-column\" style=\"--awb-bg-size:cover;--awb-width-large:100%;--awb-margin-top-large:0px;--awb-spacing-right-large:1.92%;--awb-margin-bottom-large:20px;--awb-spacing-left-large:1.92%;--awb-width-medium:100%;--awb-order-medium:0;--awb-spacing-right-medium:1.92%;--awb-spacing-left-medium:1.92%;--awb-width-small:100%;--awb-order-small:0;--awb-spacing-right-small:1.92%;--awb-spacing-left-small:1.92%;\"><div class=\"fusion-column-wrapper fusion-column-has-shadow fusion-flex-justify-content-flex-start fusion-content-layout-column\"><div class=\"fusion-text fusion-text-1\"><h2><strong>1. Definici\u00f3 i funci\u00f3 de les cookies<\/strong><\/h2>\n<p>Qu\u00e8 s\u00f3n les cookies? Una cookie \u00e9s un fitxer que es descarrega en el seu ordinador en accedir a determinades p\u00e0gines web. Les cookies permeten a una p\u00e0gina web, entre altres coses, emmagatzemar i recuperar informaci\u00f3 sobre els h\u00e0bits de navegaci\u00f3 d&#8217;un usuari o del seu equip i, depenent de la informaci\u00f3 que continguin i de la forma en qu\u00e8 utilitzi el seu equip, es poden utilitzar per a recon\u00e8ixer a l&#8217;usuari.<\/p>\n<h2><strong>2. Quins tipus de cookies utilitza aquesta p\u00e0gina web?<\/strong><\/h2>\n<p>Cookies pr\u00f2pies: S\u00f3n aquelles que s&#8217;envien a l&#8217;equip terminal de l&#8217;usuari des d&#8217;un equip o domini gestionat pel propi editor i des del qual es presta el servei sol\u00b7licitat per l&#8217;usuari.<br \/>\nCookies de sessi\u00f3: S\u00f3n un tipus de cookies dissenyades per a recaptar i emmagatzemar dades mentre l&#8217;usuari accedeix a una p\u00e0gina web.<br \/>\nCookies persistents: S\u00f3n un tipus de cookies en el qual les dades segueixen emmagatzemats en el terminal i poden ser accedits i tractats durant un per\u00edode definit pel responsable de la cookie, i que pot anar d&#8217;uns minuts a diversos anys.<br \/>\nCookies d&#8217;an\u00e0lisis: S\u00f3n aquelles que ben tractades per nosaltres o per tercers, ens permeten quantificar el nombre d&#8217;usuaris i aix\u00ed realitzar el mesurament i an\u00e0lisi estad\u00edstica de la utilitzaci\u00f3 que fan els usuaris del servei ofert.<\/p>\n<h2><strong>3. Revocaci\u00f3 i eliminaci\u00f3 de cookies<\/strong><\/h2>\n<p>Vost\u00e8 pot permetre, bloquejar o eliminar les cookies instal\u00b7lades en el seu equip mitjan\u00e7ant la configuraci\u00f3 de les opcions del navegador instal\u00b7lat en el seu ordinador, en cas que no permeti la instal\u00b7laci\u00f3 de cookies en el seu navegador \u00e9s possible que no pugui accedir a alguna de les seccions de la nostra web.<\/p>\n<p>M\u00e9s informaci\u00f3 sobre com administrar les cookies en <a href=\"https:\/\/support.google.com\/chrome\/answer\/95647?co=GENIE.Platform%3DAndroid&amp;hl=es\" target=\"_blank\" rel=\"noopener\">Google Chrome<\/a><\/p>\n<p>M\u00e9s informaci\u00f3 sobre com administrar les cookies en <a href=\"https:\/\/support.microsoft.com\/es-es\/topic\/eliminar-y-administrar-cookies-168dab11-0753-043d-7c16-ede5947fc64d\" target=\"_blank\" rel=\"noopener\">Internet Explorer<\/a><\/p>\n<p>M\u00e9s informaci\u00f3 sobre com administrar les cookies en <a href=\"https:\/\/support.mozilla.org\/es\/kb\/habilitar-y-deshabilitar-cookies-sitios-web-rastrear-preferencias\" target=\"_blank\" rel=\"noopener\">Mozilla Firefox<\/a><\/p>\n<p>M\u00e9s informaci\u00f3 sobre com administrar les cookies en <a href=\"https:\/\/support.apple.com\/es-es\/guide\/safari\/sfri11471\/mac\" target=\"_blank\" rel=\"noopener\">Safari<\/a><\/p>\n<p>M\u00e9s informaci\u00f3 sobre com administrar les cookies en <a href=\"https:\/\/www.habilitarlascookies.com\/como-habilitar-las-cookies-en-opera.html\" target=\"_blank\" rel=\"noopener\">\u00d3pera<\/a><\/p>\n<h2><strong>4. Consentiment<\/strong><\/h2>\n<p>En navegar i continuar en la nostra web ens indiques que est\u00e0s consentint l&#8217;\u00fas de les cookies enunciades en el seg\u00fcent apartat, i en les condicions contingudes en la present Pol\u00edtica de Cookies.<\/p>\n<h2><strong>5. Llistat de cookies<\/strong><\/h2>\n<\/div><div class=\"fusion-text fusion-text-2\"><table style=\"border-collapse: collapse;\" width=\"100%\">\n<thead>\n<tr>\n<th><strong>Cookie<\/strong><\/th>\n<th><strong>Prove\u00efdor<\/strong><\/th>\n<th><strong>Finalitat<\/strong><\/th>\n<th><strong>Caducitat<\/strong><\/th>\n<th><strong>Tipus<\/strong><\/th>\n<\/tr>\n<\/thead>\n<tbody>\n<tr>\n<td>_gid<\/td>\n<td>Google Analytics<\/td>\n<td>S&#8217;usa per a distingir als usuaris<\/td>\n<td>24 hores<\/td>\n<td>Pr\u00f2pia<\/td>\n<\/tr>\n<tr>\n<td>_ga<\/td>\n<td>Google Analytics<\/td>\n<td>Habilita la funci\u00f3 de control de visites \u00faniques. La primera vegada que un usuari entre en la web de fenixdirecto.com per un navegador s&#8217;instal\u00b7lar\u00e0 aquesta cookie. Quan aquest usuari torni a entrar en la nostra web amb el mateix navegador, la cookie considerar\u00e0 que \u00e9s el mateix usuari. Nom\u00e9s en el cas que l&#8217;usuari canvi\u00ef de navegador, Google Analytics ho considerar\u00e0 com un altre usuari<\/td>\n<td>2 anys<\/td>\n<td>Pr\u00f2pia<\/td>\n<\/tr>\n<tr>\n<td>_gat_gtag_UA_XXXXXXX_XX<\/td>\n<td>Google Analytics<\/td>\n<td>Cookie utilitzada per Google Analytics per a recopilar dades de tr\u00e0nsit an\u00f2nims. Contenen un \u00fanic ANEU del visitant, temps i informaci\u00f3 sobre la visita, incloent refer\u00e8ncies. Les dades reals de la visita es registren en el servidor de Google. Google ofereix informes que ajuden a analitzar com els visitants usen els llocs web i en els quals es fa refer\u00e8ncia des de, l&#8217;experi\u00e8ncia de l&#8217;usuari a mesurar l&#8217;impacte de l&#8217;optimitzaci\u00f3 de motors de cerca i publicitat<\/td>\n<td>10 min<\/td>\n<td>Pr\u00f2pia<\/td>\n<\/tr>\n<tr>\n<td>wp-settings-1<\/td>\n<td>WordPress<\/td>\n<td>Utilitzada per WordPress per a personalitzar la interf\u00edcie d&#8217;usuari<\/td>\n<td>1 any<\/td>\n<td>Pr\u00f2pia<\/td>\n<\/tr>\n<tr>\n<td>fusionredux_current_tab<\/td>\n<td>Avada<\/td>\n<td>Cookie per a millorar la navegaci\u00f3 en la web<\/td>\n<td>3 dies<\/td>\n<td>Pr\u00f2pia<\/td>\n<\/tr>\n<tr>\n<td>wordpress_test_cookie<\/td>\n<td>WordPress<\/td>\n<td>Cookie perqu\u00e8 el gestor de continguts WordPress comprovi si el navegador t\u00e9 les cookies activades<\/td>\n<td>Sessi\u00f3<\/td>\n<td>Pr\u00f2pia<\/td>\n<\/tr>\n<tr>\n<td>PHPSESSID<\/td>\n<td>PHP<\/td>\n<td>Aquesta cookie \u00e9s usada pel llenguatge d&#8217;encriptat PHP per a permetre que les variables de SESSI\u00d3 siguin guardades en el servidor web. Aquesta cookie \u00e9s essencial per al funcionament de la web<\/td>\n<td>Sessi\u00f3<\/td>\n<td>Pr\u00f2pia<\/td>\n<\/tr>\n<\/tbody>\n<\/table>\n<\/div><\/div><\/div><\/div><\/div>\n","protected":false},"excerpt":{"rendered":"","protected":false},"author":1,"featured_media":0,"parent":0,"menu_order":0,"comment_status":"closed","ping_status":"closed","template":"100-width.php","meta":{"footnotes":""},"class_list":["post-287","page","type-page","status-publish","hentry"],"yoast_head":"<!-- This site is optimized with the Yoast SEO plugin v21.7 - https:\/\/yoast.com\/wordpress\/plugins\/seo\/ -->\n<title>Pol\u00edtica de cookies - REUS DISSENY<\/title>\n<meta name=\"robots\" content=\"index, follow, max-snippet:-1, max-image-preview:large, max-video-preview:-1\" \/>\n<link rel=\"canonical\" href=\"https:\/\/www.reusdisseny.com\/ca\/politica-de-cookies\/\" \/>\n<meta property=\"og:locale\" content=\"ca_ES\" \/>\n<meta property=\"og:type\" content=\"article\" \/>\n<meta property=\"og:title\" content=\"Pol\u00edtica de cookies - REUS DISSENY\" \/>\n<meta property=\"og:url\" content=\"https:\/\/www.reusdisseny.com\/ca\/politica-de-cookies\/\" \/>\n<meta property=\"og:site_name\" content=\"REUS DISSENY\" \/>\n<meta property=\"article:modified_time\" content=\"2022-11-22T12:18:32+00:00\" \/>\n<meta name=\"twitter:card\" content=\"summary_large_image\" \/>\n<meta name=\"twitter:label1\" content=\"Temps estimat de lectura\" \/>\n\t<meta name=\"twitter:data1\" content=\"5 minuts\" \/>\n<script type=\"application\/ld+json\" class=\"yoast-schema-graph\">{\"@context\":\"https:\/\/schema.org\",\"@graph\":[{\"@type\":\"WebPage\",\"@id\":\"https:\/\/www.reusdisseny.com\/ca\/politica-de-cookies\/\",\"url\":\"https:\/\/www.reusdisseny.com\/ca\/politica-de-cookies\/\",\"name\":\"Pol\u00edtica de cookies - REUS DISSENY\",\"isPartOf\":{\"@id\":\"https:\/\/www.reusdisseny.com\/ca\/#website\"},\"datePublished\":\"2022-11-10T08:53:02+00:00\",\"dateModified\":\"2022-11-22T12:18:32+00:00\",\"breadcrumb\":{\"@id\":\"https:\/\/www.reusdisseny.com\/ca\/politica-de-cookies\/#breadcrumb\"},\"inLanguage\":\"ca\",\"potentialAction\":[{\"@type\":\"ReadAction\",\"target\":[\"https:\/\/www.reusdisseny.com\/ca\/politica-de-cookies\/\"]}]},{\"@type\":\"BreadcrumbList\",\"@id\":\"https:\/\/www.reusdisseny.com\/ca\/politica-de-cookies\/#breadcrumb\",\"itemListElement\":[{\"@type\":\"ListItem\",\"position\":1,\"name\":\"Portada\",\"item\":\"https:\/\/www.reusdisseny.com\/ca\/inici\/\"},{\"@type\":\"ListItem\",\"position\":2,\"name\":\"Pol\u00edtica de cookies\"}]},{\"@type\":\"WebSite\",\"@id\":\"https:\/\/www.reusdisseny.com\/ca\/#website\",\"url\":\"https:\/\/www.reusdisseny.com\/ca\/\",\"name\":\"REUS DISSENY\",\"description\":\"Pasi\u00f3n por la madera\",\"publisher\":{\"@id\":\"https:\/\/www.reusdisseny.com\/ca\/#organization\"},\"potentialAction\":[{\"@type\":\"SearchAction\",\"target\":{\"@type\":\"EntryPoint\",\"urlTemplate\":\"https:\/\/www.reusdisseny.com\/ca\/?s={search_term_string}\"},\"query-input\":\"required name=search_term_string\"}],\"inLanguage\":\"ca\"},{\"@type\":\"Organization\",\"@id\":\"https:\/\/www.reusdisseny.com\/ca\/#organization\",\"name\":\"REUS DISSENY\",\"url\":\"https:\/\/www.reusdisseny.com\/ca\/\",\"logo\":{\"@type\":\"ImageObject\",\"inLanguage\":\"ca\",\"@id\":\"https:\/\/www.reusdisseny.com\/ca\/#\/schema\/logo\/image\/\",\"url\":\"https:\/\/www.reusdisseny.com\/wp-content\/uploads\/2022\/10\/logo-reus-disseny.svg\",\"contentUrl\":\"https:\/\/www.reusdisseny.com\/wp-content\/uploads\/2022\/10\/logo-reus-disseny.svg\",\"width\":163,\"height\":163,\"caption\":\"REUS DISSENY\"},\"image\":{\"@id\":\"https:\/\/www.reusdisseny.com\/ca\/#\/schema\/logo\/image\/\"},\"sameAs\":[\"https:\/\/www.instagram.com\/reusdisseny\/\",\"https:\/\/www.linkedin.com\/company\/reus-disseny-i-decoraci-sl\/\"]}]}<\/script>\n<!-- \/ Yoast SEO plugin. -->","yoast_head_json":{"title":"Pol\u00edtica de cookies - REUS DISSENY","robots":{"index":"index","follow":"follow","max-snippet":"max-snippet:-1","max-image-preview":"max-image-preview:large","max-video-preview":"max-video-preview:-1"},"canonical":"https:\/\/www.reusdisseny.com\/ca\/politica-de-cookies\/","og_locale":"ca_ES","og_type":"article","og_title":"Pol\u00edtica de cookies - REUS DISSENY","og_url":"https:\/\/www.reusdisseny.com\/ca\/politica-de-cookies\/","og_site_name":"REUS DISSENY","article_modified_time":"2022-11-22T12:18:32+00:00","twitter_card":"summary_large_image","twitter_misc":{"Temps estimat de lectura":"5 minuts"},"schema":{"@context":"https:\/\/schema.org","@graph":[{"@type":"WebPage","@id":"https:\/\/www.reusdisseny.com\/ca\/politica-de-cookies\/","url":"https:\/\/www.reusdisseny.com\/ca\/politica-de-cookies\/","name":"Pol\u00edtica de cookies - REUS DISSENY","isPartOf":{"@id":"https:\/\/www.reusdisseny.com\/ca\/#website"},"datePublished":"2022-11-10T08:53:02+00:00","dateModified":"2022-11-22T12:18:32+00:00","breadcrumb":{"@id":"https:\/\/www.reusdisseny.com\/ca\/politica-de-cookies\/#breadcrumb"},"inLanguage":"ca","potentialAction":[{"@type":"ReadAction","target":["https:\/\/www.reusdisseny.com\/ca\/politica-de-cookies\/"]}]},{"@type":"BreadcrumbList","@id":"https:\/\/www.reusdisseny.com\/ca\/politica-de-cookies\/#breadcrumb","itemListElement":[{"@type":"ListItem","position":1,"name":"Portada","item":"https:\/\/www.reusdisseny.com\/ca\/inici\/"},{"@type":"ListItem","position":2,"name":"Pol\u00edtica de cookies"}]},{"@type":"WebSite","@id":"https:\/\/www.reusdisseny.com\/ca\/#website","url":"https:\/\/www.reusdisseny.com\/ca\/","name":"REUS DISSENY","description":"Pasi\u00f3n por la madera","publisher":{"@id":"https:\/\/www.reusdisseny.com\/ca\/#organization"},"potentialAction":[{"@type":"SearchAction","target":{"@type":"EntryPoint","urlTemplate":"https:\/\/www.reusdisseny.com\/ca\/?s={search_term_string}"},"query-input":"required name=search_term_string"}],"inLanguage":"ca"},{"@type":"Organization","@id":"https:\/\/www.reusdisseny.com\/ca\/#organization","name":"REUS DISSENY","url":"https:\/\/www.reusdisseny.com\/ca\/","logo":{"@type":"ImageObject","inLanguage":"ca","@id":"https:\/\/www.reusdisseny.com\/ca\/#\/schema\/logo\/image\/","url":"https:\/\/www.reusdisseny.com\/wp-content\/uploads\/2022\/10\/logo-reus-disseny.svg","contentUrl":"https:\/\/www.reusdisseny.com\/wp-content\/uploads\/2022\/10\/logo-reus-disseny.svg","width":163,"height":163,"caption":"REUS DISSENY"},"image":{"@id":"https:\/\/www.reusdisseny.com\/ca\/#\/schema\/logo\/image\/"},"sameAs":["https:\/\/www.instagram.com\/reusdisseny\/","https:\/\/www.linkedin.com\/company\/reus-disseny-i-decoraci-sl\/"]}]}},"_links":{"self":[{"href":"https:\/\/www.reusdisseny.com\/ca\/wp-json\/wp\/v2\/pages\/287","targetHints":{"allow":["GET"]}}],"collection":[{"href":"https:\/\/www.reusdisseny.com\/ca\/wp-json\/wp\/v2\/pages"}],"about":[{"href":"https:\/\/www.reusdisseny.com\/ca\/wp-json\/wp\/v2\/types\/page"}],"author":[{"embeddable":true,"href":"https:\/\/www.reusdisseny.com\/ca\/wp-json\/wp\/v2\/users\/1"}],"replies":[{"embeddable":true,"href":"https:\/\/www.reusdisseny.com\/ca\/wp-json\/wp\/v2\/comments?post=287"}],"version-history":[{"count":7,"href":"https:\/\/www.reusdisseny.com\/ca\/wp-json\/wp\/v2\/pages\/287\/revisions"}],"predecessor-version":[{"id":364,"href":"https:\/\/www.reusdisseny.com\/ca\/wp-json\/wp\/v2\/pages\/287\/revisions\/364"}],"wp:attachment":[{"href":"https:\/\/www.reusdisseny.com\/ca\/wp-json\/wp\/v2\/media?parent=287"}],"curies":[{"name":"wp","href":"https:\/\/api.w.org\/{rel}","templated":true}]}}